{"id":1813,"date":"2025-09-11T15:24:39","date_gmt":"2025-09-11T15:24:39","guid":{"rendered":"https:\/\/boards.wales\/cylchlythrau\/newsletters-2025-september\/"},"modified":"2025-09-11T15:46:05","modified_gmt":"2025-09-11T15:46:05","slug":"newsletters-2025-september","status":"publish","type":"page","link":"https:\/\/boards.wales\/cy\/cylchlythrau\/newsletters-2025-september\/","title":{"rendered":"Newsletters 2025 Medi"},"content":{"rendered":"\n<div style=\"height:22px\" aria-hidden=\"true\" class=\"wp-block-spacer\"><\/div>\n\n\n\n<div class=\"wp-block-group has-global-padding is-layout-constrained wp-container-core-group-is-layout-ed3c30a0 wp-block-group-is-layout-constrained\">\n<h2 class=\"wp-block-heading\">Cylychlythr Byrddau Cymru &#8211; Medi 2025<\/h2>\n\n\n\n<div style=\"height:18px\" aria-hidden=\"true\" class=\"wp-block-spacer\"><\/div>\n<\/div>\n\n\n\n<div class=\"wp-block-group has-base-2-background-color has-background has-global-padding is-layout-constrained wp-container-core-group-is-layout-ed3c30a0 wp-block-group-is-layout-constrained\">\n<div style=\"height:10px\" aria-hidden=\"true\" class=\"wp-block-spacer\"><\/div>\n\n\n\n<h3 class=\"wp-block-heading\"><a href=\"https:\/\/boards.wales\/cy\/2025\/07\/22\/dwr-cymru\/\">Post blog<\/a><\/h3>\n\n\n\n<p class=\"wp-block-paragraph\">Y mis hwn <a href=\"https:\/\/boards.wales\/cy\/2025\/09\/11\/stori-am-ddau-gyngor-llywodraethu-yn-wrecsam-a-chaerdydd\/\">rwy&#8217;n gwneud sylwadau <\/a>ar ddau adolygiad diweddar i berfformiad mewn llywodraeth leol yng Nghymru, un ar Gaerdydd ac un ar Wrecsam. Mae&#8217;n stori am ddwy ddinas, gydag un ddinas yn ennill canmoliaeth am ei pherfformiad a&#8217;i hethos, ac un arall yn codi pryderon sylweddol am y diwylliant.<\/p>\n\n\n\n<p class=\"wp-block-paragraph\">Yn aml, mae problemau llywodraethu yn codi o ddiwylliant gwael. Dyma pam ei bod hi&#8217;n bwysig ceisio cefnogaeth allanol pan fydd sefydliadau eisiau dwyn eu hunain i gyfrif. Ac mae cefnogaeth allanol yn gweithio orau pan fo rhaglen hunanfyfyrio a gwerthuso mewnol yn bodoli eisoes. Yn NICW rydym yn gwneud hyn yn flynyddol i geisio sicrhau ein bod yn cofio&#8217;r hyn rydym yn ei gyflawni. Rhywbeth sy&#8217;n swnio&#8217;n syml, ond yn aml rydym yn colli golwg ar y &#8216;darlun mawr&#8217; wrth ddelio \u00e2 materion bob dydd &#8211; oni bai ein bod yn ein hatgoffa ein hunain amdano.<\/p>\n\n\n\n<div style=\"height:11px\" aria-hidden=\"true\" class=\"wp-block-spacer\"><\/div>\n<\/div>\n\n\n\n<div class=\"wp-block-group has-background has-global-padding is-layout-constrained wp-container-core-group-is-layout-ed3c30a0 wp-block-group-is-layout-constrained\" style=\"background-color:#eeeeee\">\n<div style=\"height:16px\" aria-hidden=\"true\" class=\"wp-block-spacer\"><\/div>\n\n\n\n<h3 class=\"wp-block-heading\">Ystadegau<\/h3>\n\n\n\n<div class=\"wp-block-media-text is-stacked-on-mobile\" style=\"grid-template-columns:19% auto\"><figure class=\"wp-block-media-text__media\"><img loading=\"lazy\" decoding=\"async\" width=\"790\" height=\"451\" src=\"https:\/\/boards.wales\/wp-content\/uploads\/2025\/09\/Statistics.avif\" alt=\"A spreadsheet showing various statistics and details of board positions, listed by date\" class=\"wp-image-1807 size-full\" srcset=\"https:\/\/boards.wales\/wp-content\/uploads\/2025\/09\/Statistics.avif 790w, https:\/\/boards.wales\/wp-content\/uploads\/2025\/09\/Statistics-300x171.avif 300w, https:\/\/boards.wales\/wp-content\/uploads\/2025\/09\/Statistics-768x438.avif 768w\" sizes=\"auto, (max-width: 790px) 100vw, 790px\" \/><\/figure><div class=\"wp-block-media-text__content\">\n<p class=\"wp-block-paragraph\">Ers canol mis Mawrth, rydw i wedi bod yn ceisio bod ychydig yn fwy systematig yngl\u0177n \u00e2 sut rydw i&#8217;n casglu data ar gyfleoedd Bwrdd. Mae gen i gronfa ddata nawr sy&#8217;n cynnwys y 50 cyfle rydw i wedi&#8217;u hamlygu ers hynny. Mae yna rai ystadegau diddorol sy&#8217;n dod allan ohoni:<\/p>\n\n\n\n<ul class=\"wp-block-list\">\n<li>Mae 40% o&#8217;r penodiadau yn rhai \u00e2 th\u00e2l (y rhan fwyaf o&#8217;r Byrddau cyhoeddus, yn \u00f4l pob tebyg)<\/li>\n\n\n\n<li>Mae cyfradd ddyddiol y swyddi \u00e2 th\u00e2l yn amrywio o \u00a3195 i \u00a3337<\/li>\n\n\n\n<li>Roedd 64% o&#8217;r penodiadau naill ai ar gyfer un swydd, neu ni nododd faint o swyddi oedd ar gael. Y nifer fwyaf o swyddi sydd ar gael yw 6 &#8211; rhag ofn bod gennych ddiddordeb, mae&#8217;r swyddi hynny ar gael tan 30 Medi (mae gyda&#8217;r WRU).<\/li>\n\n\n\n<li>Roedd saith o&#8217;r 50 penodiad a bostiwyd ar gyfer swyddi Cadeirydd<\/li>\n<\/ul>\n\n\n\n<p class=\"wp-block-paragraph\">Un ystadegyn diddorol arall &#8211; mae gan <a href=\"https:\/\/www.linkedin.com\/company\/boards-wales\/\">dudalen LinkedIn<\/a> fwy na 1,000 o ddilynwyr bellach \ud83d\udc40\ud83c\udf87 Diolch i bawb sy&#8217;n dilyn yno! Bydd tagio &#8216;Boards Wales&#8217; yn eich postiadau swyddi ar LinkedIn fel arfer yn cael ymateb o&#8217;r dudalen \ud83d\udc4d\ufe0f<\/p>\n<\/div><\/div>\n\n\n\n<div style=\"height:12px\" aria-hidden=\"true\" class=\"wp-block-spacer\"><\/div>\n<\/div>\n\n\n\n<div class=\"wp-block-group has-base-2-background-color has-background has-global-padding is-layout-constrained wp-container-core-group-is-layout-ed3c30a0 wp-block-group-is-layout-constrained\">\n<div style=\"height:16px\" aria-hidden=\"true\" class=\"wp-block-spacer\"><\/div>\n\n\n\n<h3 class=\"wp-block-heading has-base-2-background-color has-background\">Noddi Byrddau.Cymru?<\/h3>\n\n\n\n<p class=\"wp-block-paragraph\">Os yw eich sefydliad yn gwerthfawrogi llywodraethu da ac eisiau ei weld yn ffynnu yng Nghymru, byddwn wrth fy modd yn cydweithio. Byddai nawdd yn helpu i dalu&#8217;r amser rwy&#8217;n ei dreulio yn cynnal a thyfu Boards.Wales \u2014 ei gadw&#8217;n gyfredol, yn berthnasol, ac yn hygyrch i bawb.<\/p>\n\n\n\n<p class=\"wp-block-paragraph\">Ar hyn o bryd rwy&#8217;n gweithio ar gynnig nawdd, ond yn y cyfamser, gwerthfawrogir unrhyw gefnogaeth yn fawr (<a href=\"https:\/\/opencollective.com\/boardswales\">dyma&#8217;r ddolen<\/a>). Diolch yn arbennig i Simon Slater o <a href=\"https:\/\/cynnalcymru.com\/?lang=cy\">Cynnal Cymru<\/a> am ei gefnogaeth hael y mis diwethaf \u2764\ufe0f.<\/p>\n\n\n\n<p class=\"wp-block-paragraph\">Os hoffech archwilio opsiynau nawdd neu ddechrau sgwrs, cysylltwch \u00e2 ni.<\/p>\n\n\n\n<div style=\"height:12px\" aria-hidden=\"true\" class=\"wp-block-spacer\"><\/div>\n<\/div>\n\n\n\n<div class=\"wp-block-group is-nowrap is-layout-flex wp-container-core-group-is-layout-3a88641f wp-block-group-is-layout-flex\">\n<p class=\"has-contrast-2-color has-text-color has-link-color has-small-font-size wp-elements-f6cb29fda581a6e18930734d8edc31dc wp-block-paragraph\">David Clubb<\/p>\n\n\n<div class=\"wp-block-post-date\"><time datetime=\"2025-09-11T15:24:39+00:00\">11 September 2025<\/time><\/div><\/div>\n\n\n\n<div style=\"height:44px\" aria-hidden=\"true\" class=\"wp-block-spacer\"><\/div>\n\n\n<\/p>\n<p><!-- \/wp:post-content --><\/p>\n<\/p>\n<p><!-- wp:paragraph --><\/p>\n<\/p>\n<p><!-- \/wp:paragraph --><\/p>","protected":false},"excerpt":{"rendered":"<p>Cylychlythr Byrddau Cymru &#8211; Medi 2025 Post blog Y mis hwn rwy&#8217;n gwneud sylwadau ar ddau adolygiad diweddar i berfformiad mewn llywodraeth leol yng Nghymru, un ar Gaerdydd ac un ar Wrecsam. Mae&#8217;n stori am ddwy ddinas, gydag un ddinas yn ennill canmoliaeth am ei pherfformiad a&#8217;i hethos, ac un arall yn codi pryderon sylweddol [&hellip;]<\/p>\n","protected":false},"author":2,"featured_media":1680,"parent":577,"menu_order":0,"comment_status":"closed","ping_status":"closed","template":"","meta":{"_crdt_document":"","inline_featured_image":false,"footnotes":""},"class_list":["post-1813","page","type-page","status-publish","has-post-thumbnail","hentry"],"_links":{"self":[{"href":"https:\/\/boards.wales\/cy\/wp-json\/wp\/v2\/pages\/1813","targetHints":{"allow":["GET"]}}],"collection":[{"href":"https:\/\/boards.wales\/cy\/wp-json\/wp\/v2\/pages"}],"about":[{"href":"https:\/\/boards.wales\/cy\/wp-json\/wp\/v2\/types\/page"}],"author":[{"embeddable":true,"href":"https:\/\/boards.wales\/cy\/wp-json\/wp\/v2\/users\/2"}],"replies":[{"embeddable":true,"href":"https:\/\/boards.wales\/cy\/wp-json\/wp\/v2\/comments?post=1813"}],"version-history":[{"count":7,"href":"https:\/\/boards.wales\/cy\/wp-json\/wp\/v2\/pages\/1813\/revisions"}],"predecessor-version":[{"id":1833,"href":"https:\/\/boards.wales\/cy\/wp-json\/wp\/v2\/pages\/1813\/revisions\/1833"}],"up":[{"embeddable":true,"href":"https:\/\/boards.wales\/cy\/wp-json\/wp\/v2\/pages\/577"}],"wp:featuredmedia":[{"embeddable":true,"href":"https:\/\/boards.wales\/cy\/wp-json\/wp\/v2\/media\/1680"}],"wp:attachment":[{"href":"https:\/\/boards.wales\/cy\/wp-json\/wp\/v2\/media?parent=1813"}],"curies":[{"name":"wp","href":"https:\/\/api.w.org\/{rel}","templated":true}]}}