{"id":1945,"date":"2025-10-16T12:04:07","date_gmt":"2025-10-16T12:04:07","guid":{"rendered":"https:\/\/boards.wales\/cylchlythrau\/newsletters-2025-october\/"},"modified":"2025-10-16T12:27:04","modified_gmt":"2025-10-16T12:27:04","slug":"newsletters-2025-october","status":"publish","type":"page","link":"https:\/\/boards.wales\/cy\/cylchlythrau\/newsletters-2025-october\/","title":{"rendered":"Newsletters 2025 October"},"content":{"rendered":"\n<div style=\"height:22px\" aria-hidden=\"true\" class=\"wp-block-spacer\"><\/div>\n\n\n\n<div class=\"wp-block-group has-global-padding is-layout-constrained wp-container-core-group-is-layout-ed3c30a0 wp-block-group-is-layout-constrained\">\n<h2 class=\"wp-block-heading\">Cylchlythyr Byrddau Cymru &#8211; Hydref 2025<\/h2>\n\n\n\n<div style=\"height:18px\" aria-hidden=\"true\" class=\"wp-block-spacer\"><\/div>\n<\/div>\n\n\n\n<div class=\"wp-block-group has-base-2-background-color has-background has-global-padding is-layout-constrained wp-container-core-group-is-layout-ed3c30a0 wp-block-group-is-layout-constrained\">\n<div style=\"height:10px\" aria-hidden=\"true\" class=\"wp-block-spacer\"><\/div>\n\n\n\n<h3 class=\"wp-block-heading\"><a href=\"https:\/\/boards.wales\/cy\/2025\/07\/22\/dwr-cymru\/\">Post <\/a><a href=\"https:\/\/boards.wales\/cy\/2025\/10\/16\/the-importance-of-good-leadership\/\">Blog<\/a><\/h3>\n\n\n\n<p class=\"wp-block-paragraph\">Y mis hwn, rwy&#8217;n myfyrio ar <a href=\"https:\/\/boards.wales\/cy\/2025\/10\/16\/the-importance-of-good-leadership\/\">arweinyddiaeth dda a drwg<\/a>, wedi fy ysbrydoli gan ddarllen ychydig o erthyglau amdani. Hefyd &#8211; ac nid yw hyn yn mynd i synnu&#8217;r rhan fwyaf ohonoch &#8211; mae digon o enghreifftiau o arweinyddiaeth wael yng Nghymru. Nid fy mod i eisiau beirniadu unrhyw unigolyn, ond mae&#8217;n dangos ar y cyd bod angen i ni &#8216;wella ein g\u00eam&#8217; mewn llywodraethu. Ar yr ochr gadarnhaol, nid yw erioed wedi bod yn haws chwilio am enghreifftiau o arfer da, ac mae digon o gefnogaeth hefyd i sefydliadau sy&#8217;n derbyn yr angen i wella.<\/p>\n\n\n\n<div style=\"height:11px\" aria-hidden=\"true\" class=\"wp-block-spacer\"><\/div>\n<\/div>\n\n\n\n<div class=\"wp-block-group has-background has-global-padding is-layout-constrained wp-container-core-group-is-layout-ed3c30a0 wp-block-group-is-layout-constrained\" style=\"background-color:#eeeeee\">\n<div style=\"height:16px\" aria-hidden=\"true\" class=\"wp-block-spacer\"><\/div>\n\n\n\n<h3 class=\"wp-block-heading\">Digwyddiad &#8211; cyd-gynhyrchiad o&#8217;r broses penodiadau cyhoeddus, 5 Tachwedd<\/h3>\n\n\n\n<p class=\"wp-block-paragraph\">Os oes gennych chi ddiddordeb mewn gwneud Cymru&#8217;n well, beth am lunio&#8217;r ffordd y mae penodiadau cyhoeddus yn cael eu gwneud? Cynhelir y digwyddiad yn Stadiwm y Principality yng Nghaerdydd, o 0930-1530. Gallwch gofrestru i fynychu <a href=\"https:\/\/www.linkedin.com\/posts\/hazel-page-502274305_publicappointments-cocreation-inclusion-activity-7382009920629575682-n9yy?utm_source=share&amp;utm_medium=member_desktop&amp;rcm=ACoAAAFicIgBBYPjfovUw4pLFcNK_yf2u-43GiQ\">yma<\/a> neu <a href=\"https:\/\/ymateb.gov.wales\/s\/3BJDXT\/?lang=1081640\">yma<\/a>.<\/p>\n\n\n\n<p class=\"wp-block-paragraph\">Ar wah\u00e2n i helpu Llywodraeth Cymru gyda&#8217;r broses penodiadau cyhoeddus, bydd yn gyfle gwych i rwydweithio \u00e2 phobl eraill sydd \u00e2 diddordeb mewn llywodraethu yng Nghymru. Edrychaf ymlaen at eich gweld chi yno \ud83e\udd1d<\/p>\n\n\n\n<div style=\"height:12px\" aria-hidden=\"true\" class=\"wp-block-spacer\"><\/div>\n<\/div>\n\n\n\n<div class=\"wp-block-group has-base-2-background-color has-background has-global-padding is-layout-constrained wp-container-core-group-is-layout-ed3c30a0 wp-block-group-is-layout-constrained\">\n<div style=\"height:16px\" aria-hidden=\"true\" class=\"wp-block-spacer\"><\/div>\n\n\n\n<h3 class=\"wp-block-heading has-base-2-background-color has-background\">Digwyddiad &#8211; bywyd portffolio yn y sector cyhoeddus, 29 Hydref<\/h3>\n\n\n\n<p class=\"wp-block-paragraph\">Nid un penodol ar gyfer llywodraethiant Cymru, ond gyda chyfraniadau gan Carys Williams sy&#8217;n brif gyfarwyddwr gweithredol Llywodraeth Cymru, dylai&#8217;r digwyddiad ar-lein hwn roi cipolwg ar sut i sicrhau cydbwysedd da rhwng eich rolau. Mwy o wybodaeth <a href=\"https:\/\/events.teams.microsoft.com\/event\/e1987992-65bc-429b-9c42-92644bdae015@9ae6db0e-23ea-4e89-bd99-9e3ad2a2d457\">yma<\/a>.<\/p>\n\n\n\n<div style=\"height:12px\" aria-hidden=\"true\" class=\"wp-block-spacer\"><\/div>\n<\/div>\n\n\n\n<div class=\"wp-block-group has-background has-global-padding is-layout-constrained wp-container-core-group-is-layout-ed3c30a0 wp-block-group-is-layout-constrained\" style=\"background-color:#eeeeee\">\n<div style=\"height:16px\" aria-hidden=\"true\" class=\"wp-block-spacer\"><\/div>\n\n\n\n<h3 class=\"wp-block-heading\">Ac yn olaf\u2026.<\/h3>\n\n\n\n<p class=\"wp-block-paragraph\">Fel llawer o bobl, rydw i wedi bod yn arbrofi gyda deallusrwydd artiffisial. Mae&#8217;n hynod ddefnyddiol mewn rhai mannau, ond rydw i wedi penderfynu peidio \u00e2 drafftio na &#8216;gwella&#8217; fy mhostiadau blog. Er ei fod yn sicr yn lleihau&#8217;r amser i baratoi postiad blog o 90%, ychydig iawn rydw i&#8217;n ei ddysgu trwy ei ddefnyddio fel hyn. Mewn byd sy&#8217;n cael ei orlifo gan bostiadau gwael deallusrwydd artiffisial ar gyfryngau cymdeithasol a blogiau, rydw i wedi penderfynu cadw&#8217;r wefan hon yn &#8216;barth di-ddeallusrwydd artiffisial&#8217; o hyn ymlaen. Bydd yn feddyliau rhydd i mi, ac unrhyw un arall a hoffai ysgrifennu blog gwadd (mae&#8217;r gwahoddiad ar gyfer hynny ar agor!).<\/p>\n\n\n\n<div style=\"height:12px\" aria-hidden=\"true\" class=\"wp-block-spacer\"><\/div>\n<\/div>\n\n\n\n<div class=\"wp-block-group is-nowrap is-layout-flex wp-container-core-group-is-layout-3a88641f wp-block-group-is-layout-flex\">\n<p class=\"has-contrast-2-color has-text-color has-link-color has-small-font-size wp-elements-f6cb29fda581a6e18930734d8edc31dc wp-block-paragraph\">David Clubb<\/p>\n\n\n<div class=\"wp-block-post-date\"><time datetime=\"2025-10-16T12:04:07+00:00\">16 October 2025<\/time><\/div><\/div>\n\n\n\n<div style=\"height:44px\" aria-hidden=\"true\" class=\"wp-block-spacer\"><\/div>\n\n\n<\/p>\n<p><!-- \/wp:post-content --><\/p>\n<\/p>\n<p><!-- wp:paragraph --><\/p>\n<\/p>\n<p><!-- \/wp:paragraph --><\/p>","protected":false},"excerpt":{"rendered":"<p>Cylchlythyr Byrddau Cymru &#8211; Hydref 2025 Post Blog Y mis hwn, rwy&#8217;n myfyrio ar arweinyddiaeth dda a drwg, wedi fy ysbrydoli gan ddarllen ychydig o erthyglau amdani. Hefyd &#8211; ac nid yw hyn yn mynd i synnu&#8217;r rhan fwyaf ohonoch &#8211; mae digon o enghreifftiau o arweinyddiaeth wael yng Nghymru. Nid fy mod i eisiau [&hellip;]<\/p>\n","protected":false},"author":2,"featured_media":1680,"parent":577,"menu_order":0,"comment_status":"closed","ping_status":"closed","template":"","meta":{"_crdt_document":"","inline_featured_image":false,"footnotes":""},"class_list":["post-1945","page","type-page","status-publish","has-post-thumbnail","hentry"],"_links":{"self":[{"href":"https:\/\/boards.wales\/cy\/wp-json\/wp\/v2\/pages\/1945","targetHints":{"allow":["GET"]}}],"collection":[{"href":"https:\/\/boards.wales\/cy\/wp-json\/wp\/v2\/pages"}],"about":[{"href":"https:\/\/boards.wales\/cy\/wp-json\/wp\/v2\/types\/page"}],"author":[{"embeddable":true,"href":"https:\/\/boards.wales\/cy\/wp-json\/wp\/v2\/users\/2"}],"replies":[{"embeddable":true,"href":"https:\/\/boards.wales\/cy\/wp-json\/wp\/v2\/comments?post=1945"}],"version-history":[{"count":4,"href":"https:\/\/boards.wales\/cy\/wp-json\/wp\/v2\/pages\/1945\/revisions"}],"predecessor-version":[{"id":1958,"href":"https:\/\/boards.wales\/cy\/wp-json\/wp\/v2\/pages\/1945\/revisions\/1958"}],"up":[{"embeddable":true,"href":"https:\/\/boards.wales\/cy\/wp-json\/wp\/v2\/pages\/577"}],"wp:featuredmedia":[{"embeddable":true,"href":"https:\/\/boards.wales\/cy\/wp-json\/wp\/v2\/media\/1680"}],"wp:attachment":[{"href":"https:\/\/boards.wales\/cy\/wp-json\/wp\/v2\/media?parent=1945"}],"curies":[{"name":"wp","href":"https:\/\/api.w.org\/{rel}","templated":true}]}}