{"id":585,"date":"2024-11-12T12:57:20","date_gmt":"2024-11-12T12:57:20","guid":{"rendered":"https:\/\/boards.wales\/testimonials\/"},"modified":"2024-12-17T09:18:27","modified_gmt":"2024-12-17T09:18:27","slug":"testimonials","status":"publish","type":"page","link":"https:\/\/boards.wales\/cy\/testimonials\/","title":{"rendered":"Tystebau"},"content":{"rendered":"\n<div style=\"height:22px\" aria-hidden=\"true\" class=\"wp-block-spacer\"><\/div>\n\n\n\n<h2 class=\"wp-block-heading\">Pam cymryd rhan?<\/h2>\n\n\n\n<p class=\"wp-block-paragraph\">Mae llawer o fanteision i ymwneud \u00e2 llywodraethu mewn gwahanol sefydliadau.<\/p>\n\n\n\n<ul class=\"wp-block-list\">\n<li>Gall fod yn brofiad dysgu gwych, am lywodraethu, y sector neu fusnes ei hun, a sut i weithio gyda phobl o ystod eang o gefndiroedd.<\/li>\n\n\n\n<li>Gall fod yn werth chweil cefnogi prosiectau neu achosion sy&#8217;n bwysig i chi<\/li>\n\n\n\n<li>Bydd cymryd rhan yn ehangu eich rhwydwaith o gysylltiadau<\/li>\n\n\n\n<li>Gall swydd ar y Bwrdd neu Bwyllgor gefnogi eich CV, gan eich gwneud yn fwy deniadol neu ddiddorol ar gyfer cyflogaeth yn y dyfodol<\/li>\n<\/ul>\n\n\n\n<div style=\"height:23px\" aria-hidden=\"true\" class=\"wp-block-spacer\"><\/div>\n\n\n\n<div class=\"wp-block-group alignfull has-base-2-background-color has-background has-global-padding is-layout-constrained wp-block-group-is-layout-constrained\">\n<div style=\"height:12px\" aria-hidden=\"true\" class=\"wp-block-spacer\"><\/div>\n\n\n\n<h2 class=\"wp-block-heading has-text-align-center\">Tystebau o lywodraethu bywyd go iawn<\/h2>\n\n\n\n<div style=\"height:12px\" aria-hidden=\"true\" class=\"wp-block-spacer\"><\/div>\n<\/div>\n\n\n\n<div class=\"wp-block-group alignfull has-global-padding is-layout-constrained wp-block-group-is-layout-constrained\">\n<div class=\"wp-block-cover alignfull is-light smallspacingbottom\" style=\"padding-bottom:0;min-height:425px;aspect-ratio:unset;\"><span aria-hidden=\"true\" class=\"wp-block-cover__background has-accent-4-background-color has-background-dim-100 has-background-dim\"><\/span><div class=\"wp-block-cover__inner-container has-global-padding is-layout-constrained wp-block-cover-is-layout-constrained\">\n<div class=\"wp-block-media-text alignwide is-stacked-on-mobile is-image-fill-element\" style=\"margin-top:0px;margin-bottom:0px;padding-top:0px;padding-bottom:0px;grid-template-columns:28% auto\"><figure class=\"wp-block-media-text__media\"><img loading=\"lazy\" decoding=\"async\" width=\"433\" height=\"577\" src=\"https:\/\/boards.wales\/wp-content\/uploads\/2024\/11\/KBalakrishnam_Photo-removebg-preview.png\" alt=\"\" class=\"wp-image-271 size-full\" style=\"object-position:42% 24%\" srcset=\"https:\/\/boards.wales\/wp-content\/uploads\/2024\/11\/KBalakrishnam_Photo-removebg-preview.png 433w, https:\/\/boards.wales\/wp-content\/uploads\/2024\/11\/KBalakrishnam_Photo-removebg-preview-225x300.png 225w\" sizes=\"auto, (max-width: 433px) 100vw, 433px\" \/><\/figure><div class=\"wp-block-media-text__content\">\n<p class=\"has-background has-large-font-size wp-block-paragraph\" style=\"background-color:#fafafa42;padding-top:0px;padding-right:5px;padding-bottom:0px;padding-left:5px\">&#8220;Ers Mehefin 2023 rwyf wedi bod yn ymddiriedolwr gyda gr\u0175p sgowtiaid Caerdydd. Rwy&#8217;n gweithio ochr yn ochr \u00e2 phedwar ymddiriedolwr arall i arwain y gr\u0175p a sicrhau ei fod yn rhedeg mor effeithlon \u00e2 phosibl. Rwy&#8217;n mwynhau&#8217;r swydd, ac yn ddiolchgar am y cyfle i wneud gwahaniaeth.&#8221;<\/p>\n\n\n\n<p class=\"has-large-font-size wp-block-paragraph\">Kalpana B., aelod o bwyllgor gr\u0175p y Sgowtiaid<\/p>\n<\/div><\/div>\n<\/div><\/div>\n\n\n\n<div class=\"wp-block-cover alignfull is-light\" style=\"padding-top:0px;padding-bottom:0px\"><span aria-hidden=\"true\" class=\"wp-block-cover__background has-background-dim-100 has-background-dim\" style=\"background-color:#a3b4c4\"><\/span><div class=\"wp-block-cover__inner-container has-global-padding is-layout-constrained wp-block-cover-is-layout-constrained\">\n<div class=\"wp-block-media-text alignwide has-media-on-the-right is-stacked-on-mobile is-image-fill-element\" style=\"margin-top:20px;margin-bottom:0px;padding-top:0px;padding-bottom:0px;grid-template-columns:auto 28%\"><div class=\"wp-block-media-text__content\">\n<p class=\"has-background has-large-font-size wp-block-paragraph\" style=\"background-color:#fafafa42;padding-top:0px;padding-right:5px;padding-bottom:0px;padding-left:5px\">\u201cMae bod yn gyfarwyddwr anweithredol yn hynod foddhaus i mi oherwydd mae\u2019n caniat\u00e1u i mi drosoli fy mhrofiad a\u2019m mewnwelediadau i arwain a chefnogi cyfeiriad strategol y sefydliad heb ymwneud \u00e2 gweithrediadau o ddydd i ddydd.\u201d<\/p>\n\n\n\n<p class=\"has-large-font-size wp-block-paragraph\">Sherrie Woolf, Cadeirydd Partneriaeth Chwaraeon Canolbarth Cymru<\/p>\n<\/div><figure class=\"wp-block-media-text__media\"><img loading=\"lazy\" decoding=\"async\" width=\"500\" height=\"500\" src=\"https:\/\/boards.wales\/wp-content\/uploads\/2024\/11\/Sherrie.avif\" alt=\"Llun o ddynes yn gwenu gyda gwallt du a chroen brown yn gwisgo siaced siwt\" class=\"wp-image-362 size-full\" style=\"object-position:51% 11%\" srcset=\"https:\/\/boards.wales\/wp-content\/uploads\/2024\/11\/Sherrie.avif 500w, https:\/\/boards.wales\/wp-content\/uploads\/2024\/11\/Sherrie-300x300.avif 300w, https:\/\/boards.wales\/wp-content\/uploads\/2024\/11\/Sherrie-150x150.avif 150w\" sizes=\"auto, (max-width: 500px) 100vw, 500px\" \/><\/figure><\/div>\n<\/div><\/div>\n\n\n\n<div class=\"wp-block-cover alignfull is-light\" style=\"padding-top:0px;padding-bottom:0px\"><span aria-hidden=\"true\" class=\"wp-block-cover__background has-background-dim-100 has-background-dim\" style=\"background-color:#c1a3c4\"><\/span><div class=\"wp-block-cover__inner-container has-global-padding is-layout-constrained wp-block-cover-is-layout-constrained\">\n<div class=\"wp-block-media-text alignwide is-stacked-on-mobile is-image-fill-element\" style=\"margin-top:20px;margin-bottom:0px;padding-top:0px;padding-bottom:0px;grid-template-columns:28% auto\"><figure class=\"wp-block-media-text__media\"><img loading=\"lazy\" decoding=\"async\" width=\"387\" height=\"449\" src=\"https:\/\/boards.wales\/wp-content\/uploads\/2024\/11\/garethclubb.avif\" alt=\"Llun pen ac ysgwydd o ddyn gwyn canol oed gyda phen moel, yn gwisgo crys gwyrdd a glas patrymog.\" class=\"wp-image-442 size-full\" style=\"object-position:51% 0%\" srcset=\"https:\/\/boards.wales\/wp-content\/uploads\/2024\/11\/garethclubb.avif 387w, https:\/\/boards.wales\/wp-content\/uploads\/2024\/11\/garethclubb-259x300.avif 259w\" sizes=\"auto, (max-width: 387px) 100vw, 387px\" \/><\/figure><div class=\"wp-block-media-text__content\">\n<p class=\"has-background has-large-font-size wp-block-paragraph\" style=\"background-color:#fafafa42;padding-top:0px;padding-right:5px;padding-bottom:0px;padding-left:5px\">&#8220;Rwy&#8217;n annog fy holl staff i gymryd amser i wasanaethu ar Fyrddau. Mae wir yn eu helpu i ddatblygu golwg ehangach ar heriau sefydliadol, felly pan wneir penderfyniadau anodd yn eu gweithle, maent yn fwy tebygol o ymateb gyda dealltwriaeth ac empathi&#8221;.<\/p>\n\n\n\n<p class=\"has-large-font-size wp-block-paragraph\">Gareth Clubb, Cadeirydd Ynni Cymunedol Cymru<\/p>\n<\/div><\/div>\n<\/div><\/div>\n\n\n\n<div class=\"wp-block-cover alignfull is-light\" style=\"padding-top:0px;padding-bottom:0px\"><span aria-hidden=\"true\" class=\"wp-block-cover__background has-background-dim-100 has-background-dim\" style=\"background-color:#ff896c\"><\/span><div class=\"wp-block-cover__inner-container has-global-padding is-layout-constrained wp-block-cover-is-layout-constrained\">\n<div class=\"wp-block-media-text alignwide has-media-on-the-right is-stacked-on-mobile is-image-fill-element\" style=\"margin-top:20px;margin-bottom:0px;padding-top:0px;padding-bottom:0px;grid-template-columns:auto 28%\"><div class=\"wp-block-media-text__content\">\n<p class=\"has-background has-large-font-size wp-block-paragraph\" style=\"background-color:#fafafa42;padding-top:0px;padding-right:5px;padding-bottom:0px;padding-left:5px\">&#8220;Mae gweithredu fel Aelod Bwrdd Ymddiriedolwyr wedi dysgu gwerth y sgiliau a&#8217;r profiad sydd gennyf, a sut i ddefnyddio hyn i helpu eraill mewn amgylcheddau newydd. Mae&#8217;n teimlo fy mod yn gwneud cyfraniad gwerthfawr at achos mwy.&#8221;<\/p>\n\n\n\n<p class=\"has-large-font-size wp-block-paragraph\">Helen Draper, Bwrdd Cynnal Cymru<\/p>\n<\/div><figure class=\"wp-block-media-text__media\"><img loading=\"lazy\" decoding=\"async\" width=\"500\" height=\"500\" src=\"https:\/\/boards.wales\/wp-content\/uploads\/2024\/12\/helenDraper.avif\" alt=\"Llun pen ac ysgwydd o fenyw \u00e2 chroen golau, gwallt melyn hyd ysgwydd a llygaid glas\" class=\"wp-image-525 size-full\" style=\"object-position:62% 33%\" srcset=\"https:\/\/boards.wales\/wp-content\/uploads\/2024\/12\/helenDraper.avif 500w, https:\/\/boards.wales\/wp-content\/uploads\/2024\/12\/helenDraper-300x300.avif 300w, https:\/\/boards.wales\/wp-content\/uploads\/2024\/12\/helenDraper-150x150.avif 150w\" sizes=\"auto, (max-width: 500px) 100vw, 500px\" \/><\/figure><\/div>\n<\/div><\/div>\n<\/div>\n","protected":false},"excerpt":{"rendered":"<p>Pam cymryd rhan? Mae llawer o fanteision i ymwneud \u00e2 llywodraethu mewn gwahanol sefydliadau. Tystebau o lywodraethu bywyd go iawn<\/p>\n","protected":false},"author":2,"featured_media":0,"parent":0,"menu_order":0,"comment_status":"closed","ping_status":"closed","template":"","meta":{"_crdt_document":"","inline_featured_image":false,"footnotes":""},"class_list":["post-585","page","type-page","status-publish","hentry"],"_links":{"self":[{"href":"https:\/\/boards.wales\/cy\/wp-json\/wp\/v2\/pages\/585","targetHints":{"allow":["GET"]}}],"collection":[{"href":"https:\/\/boards.wales\/cy\/wp-json\/wp\/v2\/pages"}],"about":[{"href":"https:\/\/boards.wales\/cy\/wp-json\/wp\/v2\/types\/page"}],"author":[{"embeddable":true,"href":"https:\/\/boards.wales\/cy\/wp-json\/wp\/v2\/users\/2"}],"replies":[{"embeddable":true,"href":"https:\/\/boards.wales\/cy\/wp-json\/wp\/v2\/comments?post=585"}],"version-history":[{"count":3,"href":"https:\/\/boards.wales\/cy\/wp-json\/wp\/v2\/pages\/585\/revisions"}],"predecessor-version":[{"id":658,"href":"https:\/\/boards.wales\/cy\/wp-json\/wp\/v2\/pages\/585\/revisions\/658"}],"wp:attachment":[{"href":"https:\/\/boards.wales\/cy\/wp-json\/wp\/v2\/media?parent=585"}],"curies":[{"name":"wp","href":"https:\/\/api.w.org\/{rel}","templated":true}]}}