{"id":586,"date":"2024-11-09T10:25:52","date_gmt":"2024-11-09T10:25:52","guid":{"rendered":"https:\/\/boards.wales\/tips\/"},"modified":"2024-12-16T18:12:53","modified_gmt":"2024-12-16T18:12:53","slug":"tips","status":"publish","type":"page","link":"https:\/\/boards.wales\/cy\/tips\/","title":{"rendered":"Awgrymiadau ar gyfer llwyddiant"},"content":{"rendered":"\n<div style=\"height:35px\" aria-hidden=\"true\" class=\"wp-block-spacer\"><\/div>\n\n<h2 class=\"wp-block-heading\">Awgrymiadau ar gyfer llwyddiant<\/h2>\n\n<h3 class=\"wp-block-heading\">Llwybr i aelodaeth y Bwrdd<\/h3>\n\n<div class=\"wp-block-media-text has-media-on-the-right is-stacked-on-mobile\" style=\"grid-template-columns:auto 44%\"><div class=\"wp-block-media-text__content\">\n<p class=\"wp-block-paragraph\">Bydd llwybr pawb i aelodaeth Bwrdd yn dilyn llwybrau gwahanol. Does dim ffordd iawn, a does dim ffordd anghywir chwaith.  <\/p>\n\n\n\n<p class=\"wp-block-paragraph\">Fodd bynnag, mae&#8217;n annhebygol y byddwch yn llwyddo mewn cais i ymuno \u00e2 bwrdd sefydliad mawr heb allu dangos rhywfaint o brofiad o lywodraethu.  <\/p>\n\n\n\n<p class=\"wp-block-paragraph\">Dyna pam y gall fod yn ddefnyddiol cael rhyw syniad am eich llwybr i aelodaeth Bwrdd.  <\/p>\n\n\n\n<p class=\"wp-block-paragraph\">Er enghraifft, gall cymryd rhan mewn r\u00f4l lywodraethu fel gwirfoddolwr mewn sefydliad anghorfforedig (fel clwb chwaraeon lleol, gr\u0175p diddordeb lleol ac ati) ddarparu profiad gwerthfawr tuag at r\u00f4l mewn cwmni cyfyngedig, sefydliad cyhoeddus neu elusen.<\/p>\n\n\n\n<p class=\"wp-block-paragraph\">Rhai camau y gallech fod am eu hystyried os ydych yn gynnar yn eich gyrfa Bwrdd:<\/p>\n\n\n\n<ul class=\"wp-block-list\">\n<li>Chwiliwch am sefydliadau bach lleol sy&#8217;n gweithio mewn sectorau neu gyda phynciau sy&#8217;n ddiddorol i chi. Maent yn aml yn hapus iawn i dderbyn gwirfoddolwyr i helpu i reoli eu gwaith. Nid yw sefydliadau anghorfforedig wedi&#8217;u rhwymo gan yr un rheolau sy&#8217;n llywodraethu busnesau cofrestredig, elusennau a sefydliadau sector cyhoeddus, ac nid ydynt fel arfer yn delio \u00e2 chyllidebau mawr. Mae hyn yn lleihau effaith  <\/li>\n\n\n\n<li>Os oes gennych chi ddiddordeb mewn pobl ifanc neu addysg, ystyriwch wneud cais i ddod yn <a href=\"https:\/\/boards.wales\/cy\/school-governors\/\">Llywodraethwr mewn ysgol leol<\/a> . Dylech allu cael mynediad at hyfforddiant, ac yn aml nid oes angen profiad llywodraethu blaenorol<\/li>\n\n\n\n<li>Mae sefydliadau trydydd sector yn amrywio\u2019n fawr o ran maint a chymhlethdod, ond yn aml maent yn lleoedd hynod werthfawr i ennill profiad<\/li>\n\n\n\n<li>Yn aml mae gan sefydliadau mawr Bwyllgorau sy&#8217;n croesawu cyfranogiad gan aelodau o&#8217;r gymuned sydd \u00e2 sgiliau arbenigol mewn maes perthnasol, fel AD, cyllid neu dechnoleg.<\/li>\n\n\n\n<li>Bydd Byrddau cyhoeddus a reoleiddir, neu gwmn\u00efau sy\u2019n ceisio Cyfarwyddwyr anweithredol, fel arfer yn disgwyl lefel flaenorol o wybodaeth a phrofiad mewn llywodraethu ar gyfer penodiad.<\/li>\n<\/ul>\n<\/div><figure class=\"wp-block-media-text__media\"><img loading=\"lazy\" decoding=\"async\" width=\"673\" height=\"761\" src=\"https:\/\/boards.wales\/wp-content\/uploads\/2024\/11\/boardpathway.svg\" alt=\"Pedwar blwch wedi\u2019u cysylltu \u00e2 saethau, yn mynd o sefydliadau anghorfforedig, i sefydliadau trydydd sector, i bwyllgorau, i fyrddau cyhoeddus a reoleiddir\" class=\"wp-image-181 size-full\"\/><\/figure><\/div>\n\n<h3 class=\"wp-block-heading\">Dod o hyd i fentor<\/h3>\n\n<p class=\"wp-block-paragraph\">Gallai mentor fod yn ffordd ddefnyddiol o gael mewnwelediad o&#8217;u profiad. Efallai y byddan nhw hefyd yn gallu defnyddio eu rhwydweithiau o gysylltiadau i gefnogi eich ymdrechion i ddod o hyd i swydd briodol ar y Bwrdd.  <\/p>\n\n<p class=\"wp-block-paragraph\">Dewiswch rywun rydych chi&#8217;n ei edmygu yn eich diwydiant neu mewn diwydiant yr hoffech chi fod ynddo. Nid oes rhaid i hwn fod yn rhywun rydych chi&#8217;n ei adnabod. Astudiwch eu proffil proffesiynol a chymerwch sylw o&#8217;u llwybr gyrfa. Ysgrifennwch yr hyn rydych chi&#8217;n ei edmygu amdanyn nhw a pham rydych chi eisiau bod yn debyg iddyn nhw yn broffesiynol.  <\/p>\n\n<p class=\"wp-block-paragraph\">Nid ydych chi eisiau mentoriaid sy&#8217;n dweud wrthych chi beth i&#8217;w wneud neu beth wnaethon nhw. Er y dylai eich mentoriaid gynnig arweiniad, dylent hefyd roi lle a rhyddid i chi gerfio eich llwybr eich hun. Os na chewch eich herio gan fentor yna efallai ei bod yn amser symud ymlaen.  <\/p>\n\n<div style=\"height:45px\" aria-hidden=\"true\" class=\"wp-block-spacer\"><\/div>\n\n<div style=\"height:0px\" aria-hidden=\"true\" class=\"wp-block-spacer\"><\/div>\n","protected":false},"excerpt":{"rendered":"<p>Awgrymiadau ar gyfer llwyddiant Llwybr i aelodaeth y Bwrdd Dod o hyd i fentor Gallai mentor fod yn ffordd ddefnyddiol o gael mewnwelediad o&#8217;u profiad. Efallai y byddan nhw hefyd yn gallu defnyddio eu rhwydweithiau o gysylltiadau i gefnogi eich ymdrechion i ddod o hyd i swydd briodol ar y Bwrdd. Dewiswch rywun rydych chi&#8217;n [&hellip;]<\/p>\n","protected":false},"author":2,"featured_media":0,"parent":0,"menu_order":0,"comment_status":"closed","ping_status":"closed","template":"","meta":{"_crdt_document":"","inline_featured_image":false,"footnotes":""},"class_list":["post-586","page","type-page","status-publish","hentry"],"_links":{"self":[{"href":"https:\/\/boards.wales\/cy\/wp-json\/wp\/v2\/pages\/586","targetHints":{"allow":["GET"]}}],"collection":[{"href":"https:\/\/boards.wales\/cy\/wp-json\/wp\/v2\/pages"}],"about":[{"href":"https:\/\/boards.wales\/cy\/wp-json\/wp\/v2\/types\/page"}],"author":[{"embeddable":true,"href":"https:\/\/boards.wales\/cy\/wp-json\/wp\/v2\/users\/2"}],"replies":[{"embeddable":true,"href":"https:\/\/boards.wales\/cy\/wp-json\/wp\/v2\/comments?post=586"}],"version-history":[{"count":2,"href":"https:\/\/boards.wales\/cy\/wp-json\/wp\/v2\/pages\/586\/revisions"}],"predecessor-version":[{"id":597,"href":"https:\/\/boards.wales\/cy\/wp-json\/wp\/v2\/pages\/586\/revisions\/597"}],"wp:attachment":[{"href":"https:\/\/boards.wales\/cy\/wp-json\/wp\/v2\/media?parent=586"}],"curies":[{"name":"wp","href":"https:\/\/api.w.org\/{rel}","templated":true}]}}